{"id":8542,"date":"2023-11-13T11:00:28","date_gmt":"2023-11-13T10:00:28","guid":{"rendered":"https:\/\/www.life.fau.de\/?page_id=8542"},"modified":"2025-04-17T11:09:37","modified_gmt":"2025-04-17T09:09:37","slug":"studienhandbuch","status":"publish","type":"page","link":"https:\/\/www.life.fau.de\/en\/teilnahme\/studienhandbuch\/","title":{"rendered":"Record of study and important forms"},"content":{"rendered":"\n<h2 class=\"wp-block-heading\">Documentation of the training modules<\/h2>\n\n\n\n<p>A record of study (Studienbuch) is used to document the achievements of each candidate. Each doctoral fellow is responsible for obtaining confirmation of achievements. The record of study and compliance with training module requirements will be reviewed during meetings with the Supervision Committee.<\/p>\n\n\n\n<p>&nbsp;<\/p>\n\n\n\n<p><strong>You can download the forms for the (online) record of study here:<\/strong><\/p>\n\n\n<a href=\"\/files\/2024\/05\/KV_Fe_Forschungsantrag_V4_englisch_18082023.pdf\">Best\u00e4tigung Forschungsantrag\/Projektskizze | Confirmation on research proposal\/project outline<\/a><br\/><a href=\"\/files\/2024\/05\/KV_Fe_IZKF_Studienbuch_Oeffentlichkeitsarbeit_en_18082023.pdf\">Formblatt Beitrag zur \u00d6ffentlichkeitsarbeit | Form Public Relations<\/a><br\/><a href=\"\/files\/2024\/05\/KV_Fe_IZKF_Studienbuch_Mentoringkommission_eng_V9.pdf\">Formblatt Meeting Mentoringkommission | Form Meeting Mentoringcommittee<\/a><br\/>\n\n\n\n<p>&nbsp;<\/p>\n\n\n\n<div class=\"wp-block-rrze-elements-alert\"><div class=\"alert clearfix clear \" style=\"background-color:#e9edf2;color:#000000\">\n<p><span style=\"font-size: 10pt\"><strong>Hinweis Forschungsantrag<\/strong>: Die Projektskizze sollte folgende Informationen enthalten: Name, Einrichtung, Projektdaten, State-of-the art, Vordaten, Arbeitsprogramm, Ziele, Literaturangaben. Der Forschungsantrag sollte 1-3 Seiten lang und auf Englisch verfasst sein. Gerne k\u00f6nnen Sie stattdessen auch die Pr\u00e4sentation hochladen, die Sie im Rahmen der Projektvorstellung gegen\u00fcber der Mentoringkommission verwenden.<\/span><\/p>\n<\/div><\/div>\n\n\n\n<p>&nbsp;<\/p>\n\n\n\n<p><strong>Forms for former paper version of the record of study<\/strong><\/p>\n\n\n<a href=\"\/files\/2024\/05\/KV_Fe_IZKF_Studienbuch_Oeffentlichkeitsarbeit_en_18082023.pdf\">Formblatt Beitrag zur \u00d6ffentlichkeitsarbeit | Form Public Relations<\/a><br\/><a href=\"\/files\/2024\/05\/KV_Fe_IZKF_Studienbuch_V2_Gastsprecherseminare_englisch_18082023.pdf\">Formblatt Gastsprecherseminare | Form guest speaker seminars<\/a><br\/><a href=\"\/files\/2024\/05\/KV_Fe_IZKF_Studienbuch_V1_JF_englisch_18082023.pdf\">Formblatt Jour Fixe | Form Jour Fixe<\/a><br\/><a href=\"\/files\/2024\/05\/KV_Fe_IZKF_Studienbuch_Mentoringkommission_eng_V9.pdf\">Formblatt Meeting Mentoringkommission | Form Meeting Mentoringcommittee<\/a><br\/>\n\n\n\n<p>&nbsp;<\/p>\n\n\n\n<p><strong>Supervision agreements:<\/strong><\/p>\n\n\n<a href=\"\/files\/2024\/05\/27042023_Betreuungsvereinbarung_Med.pdf\">Betreuungsvereinbarung Dr. med. \/ Dr. med. dent<\/a><br\/><a href=\"\/files\/2019\/10\/Betreuungsvereinbarung_rerbiolhum_final.pdf\">Betreuungsvereinbarung Dr. rer. biol. hum<\/a><br\/><a href=\"\/files\/2024\/10\/Formblatt_Betreuungsvereinbarung_Nat_V4_23102024.pdf\">Betreuungsvereinbarung Dr. rer. nat.<\/a><br\/><a href=\"\/files\/2024\/10\/Formblatt_Betreuungsvereinbarung_Nat_V3_engl_23102024.pdf\">Betreuungsvereinbarung Dr. rer. nat. (englisch)<\/a><br\/>\n\n\n\n<p>&nbsp;<\/p>\n\n\n\n<p><strong>Forms for medical students:<\/strong><\/p>\n\n\n<a href=\"\/files\/2024\/05\/KV_Fe_IZKF_Study-book_Confirmation-of-research-activity_V2_eng_30.08.2023.pdf\">Best\u00e4tigung geleistete Vollzeitforschungst\u00e4tigkeit<\/a><br\/><a href=\"\/files\/2024\/05\/KV_Fe_IZKF_Study-book_Confirmation-of-planned-research-activity_V2_eng_30.08.2023.pdf\">Best\u00e4tigung geplante Vollzeitforschungst\u00e4tigkeit<\/a><br\/><a href=\"\/files\/2024\/05\/KV_Fe_IZKF_Studienbuch_Case-reports_working-group-meeting_V1_06.05.2024.pdf\">Formblatt Fall-\/Arbeitsgruppenbesprechungen | Form case reports\/working group meetings<\/a><br\/>\n\n\n\n<p>&nbsp;<\/p>\n\n\n\n<p><strong>IZKF medical students also submit the following form after completing their full-time research activity:<\/strong><\/p>\n\n\n<a href=\"\/files\/2024\/10\/KV_Fe_Short-Research-Report_only-IZKF-MD_V2_23.10.2024.pdf\">Vorlage Kurzbericht IZKF-Medizindoktorandenprogramm<\/a><br\/>\n\n\n\n<p>&nbsp;<\/p>\n\n\n\n<h2 class=\"wp-block-heading\">Certificate<\/h2>\n\n\n\n<p>When a candidate has acquired their doctorate (oral exam) and completed all training modules, they will be issued with a certificate confirming successful participation in the programme. A copy of the doctoral degree certificate must be submitted to the Life@FAU office for this purpose (it is also possible to submit the doctoral degree certificate afterwards). A preliminary certificate can be provided if the doctoral candidate requires this for application purposes.<\/p>\n\n\n\n<p>&nbsp;<\/p>\n","protected":false},"excerpt":{"rendered":"<p>Documentation of the training modules A record of study (Studienbuch) is used to document the achievements of each candidate. Each doctoral fellow is responsible for obtaining confirmation of achievements. The record of study and compliance with training module requirements will be reviewed during meetings with the Supervision Committee. &nbsp; You can download the forms for [&hellip;]<\/p>\n","protected":false},"author":1355,"featured_media":401,"parent":8532,"menu_order":3,"comment_status":"closed","ping_status":"closed","template":"page-templates\/page-subnav.php","meta":{"_rrze_cache":"enabled","_rrze_multilang_single_locale":"en_GB","_rrze_multilang_single_source":"https:\/\/www.life.fau.de\/?page_id=76","footnotes":""},"page_category":[],"page_tag":[],"workflow_usergroup":[],"class_list":["post-8542","page","type-page","status-publish","has-post-thumbnail","hentry","en-GB"],"_links":{"self":[{"href":"https:\/\/www.life.fau.de\/wp-json\/wp\/v2\/pages\/8542","targetHints":{"allow":["GET"]}}],"collection":[{"href":"https:\/\/www.life.fau.de\/wp-json\/wp\/v2\/pages"}],"about":[{"href":"https:\/\/www.life.fau.de\/wp-json\/wp\/v2\/types\/page"}],"author":[{"embeddable":true,"href":"https:\/\/www.life.fau.de\/wp-json\/wp\/v2\/users\/1355"}],"replies":[{"embeddable":true,"href":"https:\/\/www.life.fau.de\/wp-json\/wp\/v2\/comments?post=8542"}],"version-history":[{"count":3,"href":"https:\/\/www.life.fau.de\/wp-json\/wp\/v2\/pages\/8542\/revisions"}],"predecessor-version":[{"id":69434,"href":"https:\/\/www.life.fau.de\/wp-json\/wp\/v2\/pages\/8542\/revisions\/69434"}],"up":[{"embeddable":true,"href":"https:\/\/www.life.fau.de\/wp-json\/wp\/v2\/pages\/8532"}],"wp:featuredmedia":[{"embeddable":true,"href":"https:\/\/www.life.fau.de\/wp-json\/wp\/v2\/media\/401"}],"wp:attachment":[{"href":"https:\/\/www.life.fau.de\/wp-json\/wp\/v2\/media?parent=8542"}],"wp:term":[{"taxonomy":"page_category","embeddable":true,"href":"https:\/\/www.life.fau.de\/wp-json\/wp\/v2\/page_category?post=8542"},{"taxonomy":"page_tag","embeddable":true,"href":"https:\/\/www.life.fau.de\/wp-json\/wp\/v2\/page_tag?post=8542"},{"taxonomy":"workflow_usergroup","embeddable":true,"href":"https:\/\/www.life.fau.de\/wp-json\/wp\/v2\/workflow_usergroup?post=8542"}],"curies":[{"name":"wp","href":"https:\/\/api.w.org\/{rel}","templated":true}]}}